{"id":10,"date":"2026-01-29T16:03:20","date_gmt":"2026-01-29T15:03:20","guid":{"rendered":"https:\/\/tekton-lab.fr\/workup\/?page_id=10"},"modified":"2026-02-15T18:33:40","modified_gmt":"2026-02-15T17:33:40","slug":"accuei","status":"publish","type":"page","link":"https:\/\/tekton-lab.fr\/workup\/","title":{"rendered":"Accueil"},"content":{"rendered":"","protected":false},"excerpt":{"rendered":"","protected":false},"author":1,"featured_media":0,"parent":0,"menu_order":0,"comment_status":"closed","ping_status":"closed","template":"template-frontpage.php","meta":{"footnotes":""},"class_list":["post-10","page","type-page","status-publish","hentry"],"featured_image_src":null,"yoast_head":"<!-- This site is optimized with the Yoast SEO plugin v26.9 - https:\/\/yoast.com\/product\/yoast-seo-wordpress\/ -->\n<title>TEKTON LAB WORK UP | Maintien en emploi &amp; sant\u00e9 au travail<\/title>\n<meta name=\"description\" content=\"Accompagnements et formations pour structurer une strat\u00e9gie de sant\u00e9 au travail et de maintien en emploi durable, op\u00e9rationnelle et mesurable.\" \/>\n<meta name=\"robots\" content=\"index, follow, max-snippet:-1, max-image-preview:large, max-video-preview:-1\" \/>\n<link rel=\"canonical\" href=\"https:\/\/tekton-lab.fr\/workup\/\" \/>\n<meta property=\"og:locale\" content=\"fr_FR\" \/>\n<meta property=\"og:type\" content=\"article\" \/>\n<meta property=\"og:title\" content=\"TEKTON LAB WORK UP | Maintien en emploi &amp; sant\u00e9 au travail\" \/>\n<meta property=\"og:description\" content=\"Accompagnements et formations pour structurer une strat\u00e9gie de sant\u00e9 au travail et de maintien en emploi durable, op\u00e9rationnelle et mesurable.\" \/>\n<meta property=\"og:url\" content=\"https:\/\/tekton-lab.fr\/workup\/\" \/>\n<meta property=\"og:site_name\" content=\"TEKTON LAB WORK UP\" \/>\n<meta property=\"article:publisher\" content=\"https:\/\/www.facebook.com\/share\/1Xmr6B2r3P\/?mibextid=LQQJ4d\" \/>\n<meta property=\"article:modified_time\" content=\"2026-02-15T17:33:40+00:00\" \/>\n<meta name=\"twitter:card\" content=\"summary_large_image\" \/>\n<script type=\"application\/ld+json\" class=\"yoast-schema-graph\">{\"@context\":\"https:\/\/schema.org\",\"@graph\":[{\"@type\":\"WebPage\",\"@id\":\"https:\/\/tekton-lab.fr\/workup\/\",\"url\":\"https:\/\/tekton-lab.fr\/workup\/\",\"name\":\"TEKTON LAB WORK UP | Maintien en emploi & sant\u00e9 au travail\",\"isPartOf\":{\"@id\":\"https:\/\/tekton-lab.fr\/workup\/#website\"},\"datePublished\":\"2026-01-29T15:03:20+00:00\",\"dateModified\":\"2026-02-15T17:33:40+00:00\",\"description\":\"Accompagnements et formations pour structurer une strat\u00e9gie de sant\u00e9 au travail et de maintien en emploi durable, op\u00e9rationnelle et mesurable.\",\"breadcrumb\":{\"@id\":\"https:\/\/tekton-lab.fr\/workup\/#breadcrumb\"},\"inLanguage\":\"fr-FR\",\"potentialAction\":[{\"@type\":\"ReadAction\",\"target\":[\"https:\/\/tekton-lab.fr\/workup\/\"]}]},{\"@type\":\"BreadcrumbList\",\"@id\":\"https:\/\/tekton-lab.fr\/workup\/#breadcrumb\",\"itemListElement\":[{\"@type\":\"ListItem\",\"position\":1,\"name\":\"Accueil\",\"item\":\"https:\/\/tekton-lab.fr\/workup\/\"},{\"@type\":\"ListItem\",\"position\":2,\"name\":\"Accueil\"}]},{\"@type\":\"WebSite\",\"@id\":\"https:\/\/tekton-lab.fr\/workup\/#website\",\"url\":\"https:\/\/tekton-lab.fr\/workup\/\",\"name\":\"TEKTON LAB WORK UP\",\"description\":\"\",\"publisher\":{\"@id\":\"https:\/\/tekton-lab.fr\/workup\/#organization\"},\"potentialAction\":[{\"@type\":\"SearchAction\",\"target\":{\"@type\":\"EntryPoint\",\"urlTemplate\":\"https:\/\/tekton-lab.fr\/workup\/?s={search_term_string}\"},\"query-input\":{\"@type\":\"PropertyValueSpecification\",\"valueRequired\":true,\"valueName\":\"search_term_string\"}}],\"inLanguage\":\"fr-FR\"},{\"@type\":\"Organization\",\"@id\":\"https:\/\/tekton-lab.fr\/workup\/#organization\",\"name\":\"TEKTON LAB WORK UP\",\"url\":\"https:\/\/tekton-lab.fr\/workup\/\",\"logo\":{\"@type\":\"ImageObject\",\"inLanguage\":\"fr-FR\",\"@id\":\"https:\/\/tekton-lab.fr\/workup\/#\/schema\/logo\/image\/\",\"url\":\"https:\/\/tekton-lab.fr\/workup\/wp-content\/uploads\/2026\/01\/cropped-TLW-Logo.png\",\"contentUrl\":\"https:\/\/tekton-lab.fr\/workup\/wp-content\/uploads\/2026\/01\/cropped-TLW-Logo.png\",\"width\":1510,\"height\":682,\"caption\":\"TEKTON LAB WORK UP\"},\"image\":{\"@id\":\"https:\/\/tekton-lab.fr\/workup\/#\/schema\/logo\/image\/\"},\"sameAs\":[\"https:\/\/www.facebook.com\/share\/1Xmr6B2r3P\/?mibextid=LQQJ4d\",\"http:\/\/linkedin.com\/company\/tektonlabfr\"]}]}<\/script>\n<!-- \/ Yoast SEO plugin. -->","yoast_head_json":{"title":"TEKTON LAB WORK UP | Maintien en emploi & sant\u00e9 au travail","description":"Accompagnements et formations pour structurer une strat\u00e9gie de sant\u00e9 au travail et de maintien en emploi durable, op\u00e9rationnelle et mesurable.","robots":{"index":"index","follow":"follow","max-snippet":"max-snippet:-1","max-image-preview":"max-image-preview:large","max-video-preview":"max-video-preview:-1"},"canonical":"https:\/\/tekton-lab.fr\/workup\/","og_locale":"fr_FR","og_type":"article","og_title":"TEKTON LAB WORK UP | Maintien en emploi & sant\u00e9 au travail","og_description":"Accompagnements et formations pour structurer une strat\u00e9gie de sant\u00e9 au travail et de maintien en emploi durable, op\u00e9rationnelle et mesurable.","og_url":"https:\/\/tekton-lab.fr\/workup\/","og_site_name":"TEKTON LAB WORK UP","article_publisher":"https:\/\/www.facebook.com\/share\/1Xmr6B2r3P\/?mibextid=LQQJ4d","article_modified_time":"2026-02-15T17:33:40+00:00","twitter_card":"summary_large_image","schema":{"@context":"https:\/\/schema.org","@graph":[{"@type":"WebPage","@id":"https:\/\/tekton-lab.fr\/workup\/","url":"https:\/\/tekton-lab.fr\/workup\/","name":"TEKTON LAB WORK UP | Maintien en emploi & sant\u00e9 au travail","isPartOf":{"@id":"https:\/\/tekton-lab.fr\/workup\/#website"},"datePublished":"2026-01-29T15:03:20+00:00","dateModified":"2026-02-15T17:33:40+00:00","description":"Accompagnements et formations pour structurer une strat\u00e9gie de sant\u00e9 au travail et de maintien en emploi durable, op\u00e9rationnelle et mesurable.","breadcrumb":{"@id":"https:\/\/tekton-lab.fr\/workup\/#breadcrumb"},"inLanguage":"fr-FR","potentialAction":[{"@type":"ReadAction","target":["https:\/\/tekton-lab.fr\/workup\/"]}]},{"@type":"BreadcrumbList","@id":"https:\/\/tekton-lab.fr\/workup\/#breadcrumb","itemListElement":[{"@type":"ListItem","position":1,"name":"Accueil","item":"https:\/\/tekton-lab.fr\/workup\/"},{"@type":"ListItem","position":2,"name":"Accueil"}]},{"@type":"WebSite","@id":"https:\/\/tekton-lab.fr\/workup\/#website","url":"https:\/\/tekton-lab.fr\/workup\/","name":"TEKTON LAB WORK UP","description":"","publisher":{"@id":"https:\/\/tekton-lab.fr\/workup\/#organization"},"potentialAction":[{"@type":"SearchAction","target":{"@type":"EntryPoint","urlTemplate":"https:\/\/tekton-lab.fr\/workup\/?s={search_term_string}"},"query-input":{"@type":"PropertyValueSpecification","valueRequired":true,"valueName":"search_term_string"}}],"inLanguage":"fr-FR"},{"@type":"Organization","@id":"https:\/\/tekton-lab.fr\/workup\/#organization","name":"TEKTON LAB WORK UP","url":"https:\/\/tekton-lab.fr\/workup\/","logo":{"@type":"ImageObject","inLanguage":"fr-FR","@id":"https:\/\/tekton-lab.fr\/workup\/#\/schema\/logo\/image\/","url":"https:\/\/tekton-lab.fr\/workup\/wp-content\/uploads\/2026\/01\/cropped-TLW-Logo.png","contentUrl":"https:\/\/tekton-lab.fr\/workup\/wp-content\/uploads\/2026\/01\/cropped-TLW-Logo.png","width":1510,"height":682,"caption":"TEKTON LAB WORK UP"},"image":{"@id":"https:\/\/tekton-lab.fr\/workup\/#\/schema\/logo\/image\/"},"sameAs":["https:\/\/www.facebook.com\/share\/1Xmr6B2r3P\/?mibextid=LQQJ4d","http:\/\/linkedin.com\/company\/tektonlabfr"]}]}},"_links":{"self":[{"href":"https:\/\/tekton-lab.fr\/workup\/wp-json\/wp\/v2\/pages\/10","targetHints":{"allow":["GET"]}}],"collection":[{"href":"https:\/\/tekton-lab.fr\/workup\/wp-json\/wp\/v2\/pages"}],"about":[{"href":"https:\/\/tekton-lab.fr\/workup\/wp-json\/wp\/v2\/types\/page"}],"author":[{"embeddable":true,"href":"https:\/\/tekton-lab.fr\/workup\/wp-json\/wp\/v2\/users\/1"}],"replies":[{"embeddable":true,"href":"https:\/\/tekton-lab.fr\/workup\/wp-json\/wp\/v2\/comments?post=10"}],"version-history":[{"count":1,"href":"https:\/\/tekton-lab.fr\/workup\/wp-json\/wp\/v2\/pages\/10\/revisions"}],"predecessor-version":[{"id":11,"href":"https:\/\/tekton-lab.fr\/workup\/wp-json\/wp\/v2\/pages\/10\/revisions\/11"}],"wp:attachment":[{"href":"https:\/\/tekton-lab.fr\/workup\/wp-json\/wp\/v2\/media?parent=10"}],"curies":[{"name":"wp","href":"https:\/\/api.w.org\/{rel}","templated":true}]}}